{"id":20,"date":"2023-03-08T18:24:51","date_gmt":"2023-03-08T18:24:51","guid":{"rendered":"http:\/\/miriamserranog.net\/?page_id=20"},"modified":"2024-07-30T14:43:32","modified_gmt":"2024-07-30T14:43:32","slug":"sobre-mi","status":"publish","type":"page","link":"https:\/\/miriamserranog.net\/?page_id=20","title":{"rendered":"SOBRE MI"},"content":{"rendered":"\n<p class=\"has-black-color has-white-background-color has-text-color has-background\">\u00a1Bienvenidxs! Si has llegado hasta aqu\u00ed es porque te interesa conocerme m\u00e1s all\u00e1 de mis trabajos. <\/p>\n\n\n\n<p class=\"has-black-color has-white-background-color has-text-color has-background\">Este ser\u00eda un espacio id\u00f3neo donde podr\u00eda contarte porqu\u00e9 hace m\u00e1s de 8 a\u00f1os decid\u00ed montarme en el tren audiovisual, por qu\u00e9 despu\u00e9s de estudiar Producci\u00f3n audiovisual decid\u00ed dar un giro y especializarme en la Postproducci\u00f3n, pero te dir\u00e9 que es un tren al cual me mont\u00e9 a ciegas y que a d\u00eda de hoy me resulta inimaginable pensar en tener que bajarme.<\/p>\n\n\n\n<p><\/p>\n\n\n\n<p class=\"has-black-color has-white-background-color has-text-color has-background\">Este es mi espacio donde poder mostrar todo lo que poco a poco he podido y puedo crear, desde cero, a veces sin suficientes medios pero con unas ganas inmensas. <\/p>\n\n\n\n<p class=\"has-black-color has-white-background-color has-text-color has-background\">Ahora te invito a que te montes conmigo y creemos nuevas historias, \u00bfTe apuntas?. &#x1f680;<\/p>\n\n\n\n<div class=\"wp-block-buttons is-layout-flex wp-block-buttons-is-layout-flex\">\n<div class=\"wp-block-button\"><a class=\"wp-block-button__link wp-element-button\" href=\"https:\/\/drive.google.com\/file\/d\/1bCb-Oe4J0DiMFn46BWSE922yySzdQOUc\/view?usp=drive_link\" target=\"_blank\" rel=\"noreferrer noopener\">mI CV<\/a><\/div>\n<\/div>\n\n\n\n<p><\/p>\n\n\n\n<div class=\"wp-block-contact-form-7-contact-form-selector\">\n<div class=\"wpcf7 no-js\" id=\"wpcf7-f407-o1\" lang=\"es-ES\" dir=\"ltr\">\n<div class=\"screen-reader-response\"><p role=\"status\" aria-live=\"polite\" aria-atomic=\"true\"><\/p> <ul><\/ul><\/div>\n<form action=\"\/index.php?rest_route=%2Fwp%2Fv2%2Fpages%2F20#wpcf7-f407-o1\" method=\"post\" class=\"wpcf7-form init\" aria-label=\"Formulario de contacto\" novalidate=\"novalidate\" data-status=\"init\">\n<div style=\"display: none;\">\n<input type=\"hidden\" name=\"_wpcf7\" value=\"407\" \/>\n<input type=\"hidden\" name=\"_wpcf7_version\" value=\"5.9.8\" \/>\n<input type=\"hidden\" name=\"_wpcf7_locale\" value=\"es_ES\" \/>\n<input type=\"hidden\" name=\"_wpcf7_unit_tag\" value=\"wpcf7-f407-o1\" \/>\n<input type=\"hidden\" name=\"_wpcf7_container_post\" value=\"0\" \/>\n<input type=\"hidden\" name=\"_wpcf7_posted_data_hash\" value=\"\" \/>\n<\/div>\n<p><label> Tu nombre<br \/>\n<span class=\"wpcf7-form-control-wrap\" data-name=\"your-name\"><input size=\"40\" maxlength=\"400\" class=\"wpcf7-form-control wpcf7-text wpcf7-validates-as-required\" autocomplete=\"name\" aria-required=\"true\" aria-invalid=\"false\" value=\"\" type=\"text\" name=\"your-name\" \/><\/span> <\/label>\n<\/p>\n<p><label> Tu correo electr\u00f3nico<br \/>\n<span class=\"wpcf7-form-control-wrap\" data-name=\"your-email\"><input size=\"40\" maxlength=\"400\" class=\"wpcf7-form-control wpcf7-email wpcf7-validates-as-required wpcf7-text wpcf7-validates-as-email\" autocomplete=\"email\" aria-required=\"true\" aria-invalid=\"false\" value=\"\" type=\"email\" name=\"your-email\" \/><\/span> <\/label>\n<\/p>\n<p><label> Asunto<br \/>\n<span class=\"wpcf7-form-control-wrap\" data-name=\"your-subject\"><input size=\"40\" maxlength=\"400\" class=\"wpcf7-form-control wpcf7-text wpcf7-validates-as-required\" aria-required=\"true\" aria-invalid=\"false\" value=\"\" type=\"text\" name=\"your-subject\" \/><\/span> <\/label>\n<\/p>\n<p><label> Tu mensaje (opcional)<br \/>\n<span class=\"wpcf7-form-control-wrap\" data-name=\"your-message\"><textarea cols=\"40\" rows=\"10\" maxlength=\"2000\" class=\"wpcf7-form-control wpcf7-textarea\" aria-invalid=\"false\" name=\"your-message\"><\/textarea><\/span> <\/label>\n<\/p>\n<p><input class=\"wpcf7-form-control wpcf7-submit has-spinner\" type=\"submit\" value=\"Enviar\" \/>\n<\/p><p style=\"display: none !important;\"><label>&#916;<textarea name=\"_wpcf7_ak_hp_textarea\" cols=\"45\" rows=\"8\" maxlength=\"100\"><\/textarea><\/label><input type=\"hidden\" id=\"ak_js_1\" name=\"_wpcf7_ak_js\" value=\"88\"\/><script>document.getElementById( \"ak_js_1\" ).setAttribute( \"value\", ( new Date() ).getTime() );<\/script><\/p><div class=\"wpcf7-response-output\" aria-hidden=\"true\"><\/div>\n<\/form>\n<\/div>\n<\/div>\n","protected":false},"excerpt":{"rendered":"<p>\u00a1Bienvenidxs! Si has llegado hasta aqu\u00ed es porque te interesa conocerme m\u00e1s all\u00e1 de mis trabajos. Este ser\u00eda un espacio id\u00f3neo donde podr\u00eda contarte porqu\u00e9 hace m\u00e1s de 8 a\u00f1os<\/p>\n<p class=\"more-link\"><a href=\"https:\/\/miriamserranog.net\/?page_id=20\" class=\"readmore\">Seguir leyendo<svg class=\"icon icon-arrow-right\" aria-hidden=\"true\" role=\"img\"> <use href=\"#icon-arrow-right\" xlink:href=\"#icon-arrow-right\"><\/use> <\/svg><span class=\"screen-reader-text\">SOBRE MI<\/span><\/a><\/p>\n","protected":false},"author":2,"featured_media":0,"parent":0,"menu_order":0,"comment_status":"closed","ping_status":"closed","template":"","meta":{"ngg_post_thumbnail":0,"footnotes":""},"class_list":["post-20","page","type-page","status-publish","hentry"],"acf":[],"yoast_head":"<!-- This site is optimized with the Yoast SEO plugin v21.3 - https:\/\/yoast.com\/wordpress\/plugins\/seo\/ -->\n<title>SOBRE MI - MIRIAM SERRANO<\/title>\n<meta name=\"robots\" content=\"index, follow, max-snippet:-1, max-image-preview:large, max-video-preview:-1\" \/>\n<link rel=\"canonical\" href=\"https:\/\/miriamserranog.net\/?page_id=20\" \/>\n<meta property=\"og:locale\" content=\"es_ES\" \/>\n<meta property=\"og:type\" content=\"article\" \/>\n<meta property=\"og:title\" content=\"SOBRE MI - MIRIAM SERRANO\" \/>\n<meta property=\"og:description\" content=\"\u00a1Bienvenidxs! Si has llegado hasta aqu\u00ed es porque te interesa conocerme m\u00e1s all\u00e1 de mis trabajos. Este ser\u00eda un espacio id\u00f3neo donde podr\u00eda contarte porqu\u00e9 hace m\u00e1s de 8 a\u00f1osSeguir leyendo SOBRE MI\" \/>\n<meta property=\"og:url\" content=\"https:\/\/miriamserranog.net\/?page_id=20\" \/>\n<meta property=\"og:site_name\" content=\"MIRIAM SERRANO\" \/>\n<meta property=\"article:modified_time\" content=\"2024-07-30T14:43:32+00:00\" \/>\n<meta name=\"twitter:card\" content=\"summary_large_image\" \/>\n<meta name=\"twitter:label1\" content=\"Tiempo de lectura\" \/>\n\t<meta name=\"twitter:data1\" content=\"1 minuto\" \/>\n<script type=\"application\/ld+json\" class=\"yoast-schema-graph\">{\"@context\":\"https:\/\/schema.org\",\"@graph\":[{\"@type\":\"WebPage\",\"@id\":\"https:\/\/miriamserranog.net\/?page_id=20\",\"url\":\"https:\/\/miriamserranog.net\/?page_id=20\",\"name\":\"SOBRE MI - MIRIAM SERRANO\",\"isPartOf\":{\"@id\":\"http:\/\/miriamserranog.net\/#website\"},\"datePublished\":\"2023-03-08T18:24:51+00:00\",\"dateModified\":\"2024-07-30T14:43:32+00:00\",\"breadcrumb\":{\"@id\":\"https:\/\/miriamserranog.net\/?page_id=20#breadcrumb\"},\"inLanguage\":\"es\",\"potentialAction\":[{\"@type\":\"ReadAction\",\"target\":[\"https:\/\/miriamserranog.net\/?page_id=20\"]}]},{\"@type\":\"BreadcrumbList\",\"@id\":\"https:\/\/miriamserranog.net\/?page_id=20#breadcrumb\",\"itemListElement\":[{\"@type\":\"ListItem\",\"position\":1,\"name\":\"Portada\",\"item\":\"http:\/\/miriamserranog.net\/\"},{\"@type\":\"ListItem\",\"position\":2,\"name\":\"SOBRE MI\"}]},{\"@type\":\"WebSite\",\"@id\":\"http:\/\/miriamserranog.net\/#website\",\"url\":\"http:\/\/miriamserranog.net\/\",\"name\":\"MIRIAM SERRANO\",\"description\":\"VIDEO EDITOR | PHOTOGRAPHER | MOTION GRAPHICS\",\"potentialAction\":[{\"@type\":\"SearchAction\",\"target\":{\"@type\":\"EntryPoint\",\"urlTemplate\":\"http:\/\/miriamserranog.net\/?s={search_term_string}\"},\"query-input\":\"required name=search_term_string\"}],\"inLanguage\":\"es\"}]}<\/script>\n<!-- \/ Yoast SEO plugin. -->","yoast_head_json":{"title":"SOBRE MI - MIRIAM SERRANO","robots":{"index":"index","follow":"follow","max-snippet":"max-snippet:-1","max-image-preview":"max-image-preview:large","max-video-preview":"max-video-preview:-1"},"canonical":"https:\/\/miriamserranog.net\/?page_id=20","og_locale":"es_ES","og_type":"article","og_title":"SOBRE MI - MIRIAM SERRANO","og_description":"\u00a1Bienvenidxs! Si has llegado hasta aqu\u00ed es porque te interesa conocerme m\u00e1s all\u00e1 de mis trabajos. Este ser\u00eda un espacio id\u00f3neo donde podr\u00eda contarte porqu\u00e9 hace m\u00e1s de 8 a\u00f1osSeguir leyendo SOBRE MI","og_url":"https:\/\/miriamserranog.net\/?page_id=20","og_site_name":"MIRIAM SERRANO","article_modified_time":"2024-07-30T14:43:32+00:00","twitter_card":"summary_large_image","twitter_misc":{"Tiempo de lectura":"1 minuto"},"schema":{"@context":"https:\/\/schema.org","@graph":[{"@type":"WebPage","@id":"https:\/\/miriamserranog.net\/?page_id=20","url":"https:\/\/miriamserranog.net\/?page_id=20","name":"SOBRE MI - MIRIAM SERRANO","isPartOf":{"@id":"http:\/\/miriamserranog.net\/#website"},"datePublished":"2023-03-08T18:24:51+00:00","dateModified":"2024-07-30T14:43:32+00:00","breadcrumb":{"@id":"https:\/\/miriamserranog.net\/?page_id=20#breadcrumb"},"inLanguage":"es","potentialAction":[{"@type":"ReadAction","target":["https:\/\/miriamserranog.net\/?page_id=20"]}]},{"@type":"BreadcrumbList","@id":"https:\/\/miriamserranog.net\/?page_id=20#breadcrumb","itemListElement":[{"@type":"ListItem","position":1,"name":"Portada","item":"http:\/\/miriamserranog.net\/"},{"@type":"ListItem","position":2,"name":"SOBRE MI"}]},{"@type":"WebSite","@id":"http:\/\/miriamserranog.net\/#website","url":"http:\/\/miriamserranog.net\/","name":"MIRIAM SERRANO","description":"VIDEO EDITOR | PHOTOGRAPHER | MOTION GRAPHICS","potentialAction":[{"@type":"SearchAction","target":{"@type":"EntryPoint","urlTemplate":"http:\/\/miriamserranog.net\/?s={search_term_string}"},"query-input":"required name=search_term_string"}],"inLanguage":"es"}]}},"_links":{"self":[{"href":"https:\/\/miriamserranog.net\/index.php?rest_route=\/wp\/v2\/pages\/20","targetHints":{"allow":["GET"]}}],"collection":[{"href":"https:\/\/miriamserranog.net\/index.php?rest_route=\/wp\/v2\/pages"}],"about":[{"href":"https:\/\/miriamserranog.net\/index.php?rest_route=\/wp\/v2\/types\/page"}],"author":[{"embeddable":true,"href":"https:\/\/miriamserranog.net\/index.php?rest_route=\/wp\/v2\/users\/2"}],"replies":[{"embeddable":true,"href":"https:\/\/miriamserranog.net\/index.php?rest_route=%2Fwp%2Fv2%2Fcomments&post=20"}],"version-history":[{"count":13,"href":"https:\/\/miriamserranog.net\/index.php?rest_route=\/wp\/v2\/pages\/20\/revisions"}],"predecessor-version":[{"id":408,"href":"https:\/\/miriamserranog.net\/index.php?rest_route=\/wp\/v2\/pages\/20\/revisions\/408"}],"wp:attachment":[{"href":"https:\/\/miriamserranog.net\/index.php?rest_route=%2Fwp%2Fv2%2Fmedia&parent=20"}],"curies":[{"name":"wp","href":"https:\/\/api.w.org\/{rel}","templated":true}]}}